{"id":3042,"date":"2016-03-02T16:54:57","date_gmt":"2016-03-02T15:54:57","guid":{"rendered":"http:\/\/help.langlion.com\/pl\/?page_id=3042"},"modified":"2024-12-30T16:16:41","modified_gmt":"2024-12-30T15:16:41","slug":"kursant-oplacil-z-gory-rate-rozliczenia-jednakze-odwolal-zajecia-jak-zaznaczyc-ten-fakt-w-systemie-skoro-rata-zostala-oplacona","status":"publish","type":"page","link":"https:\/\/help.langlion.com\/pl\/porady-i-wskazowki\/kursant-oplacil-z-gory-rate-rozliczenia-jednakze-odwolal-zajecia-jak-zaznaczyc-ten-fakt-w-systemie-skoro-rata-zostala-oplacona\/","title":{"rendered":"Kursant op\u0142aci\u0142 z g\u00f3ry rat\u0119 rozliczenia, jednak odwo\u0142a\u0142 zaj\u0119cia. Jak zaznaczy\u0107 ten fakt w systemie skoro rata zosta\u0142a op\u0142acona?"},"content":{"rendered":"","protected":false},"excerpt":{"rendered":"","protected":false},"author":1,"featured_media":0,"parent":11,"menu_order":0,"comment_status":"closed","ping_status":"closed","template":"","meta":{"_acf_changed":false,"footnotes":""},"categories":[6,13,3],"tags":[],"class_list":["post-3042","page","type-page","status-publish","hentry","category-finanse","category-porady-i-wskazowki","category-sekretariat"],"acf":[],"_links":{"self":[{"href":"https:\/\/help.langlion.com\/pl\/wp-json\/wp\/v2\/pages\/3042"}],"collection":[{"href":"https:\/\/help.langlion.com\/pl\/wp-json\/wp\/v2\/pages"}],"about":[{"href":"https:\/\/help.langlion.com\/pl\/wp-json\/wp\/v2\/types\/page"}],"author":[{"embeddable":true,"href":"https:\/\/help.langlion.com\/pl\/wp-json\/wp\/v2\/users\/1"}],"replies":[{"embeddable":true,"href":"https:\/\/help.langlion.com\/pl\/wp-json\/wp\/v2\/comments?post=3042"}],"version-history":[{"count":16,"href":"https:\/\/help.langlion.com\/pl\/wp-json\/wp\/v2\/pages\/3042\/revisions"}],"predecessor-version":[{"id":9396,"href":"https:\/\/help.langlion.com\/pl\/wp-json\/wp\/v2\/pages\/3042\/revisions\/9396"}],"up":[{"embeddable":true,"href":"https:\/\/help.langlion.com\/pl\/wp-json\/wp\/v2\/pages\/11"}],"wp:attachment":[{"href":"https:\/\/help.langlion.com\/pl\/wp-json\/wp\/v2\/media?parent=3042"}],"wp:term":[{"taxonomy":"category","embeddable":true,"href":"https:\/\/help.langlion.com\/pl\/wp-json\/wp\/v2\/categories?post=3042"},{"taxonomy":"post_tag","embeddable":true,"href":"https:\/\/help.langlion.com\/pl\/wp-json\/wp\/v2\/tags?post=3042"}],"curies":[{"name":"wp","href":"https:\/\/api.w.org\/{rel}","templated":true}]}}