{"id":3081,"date":"2016-03-16T15:45:03","date_gmt":"2016-03-16T14:45:03","guid":{"rendered":"http:\/\/help.langlion.com\/pl\/?page_id=3081"},"modified":"2024-02-26T15:52:45","modified_gmt":"2024-02-26T14:52:45","slug":"w-jaki-sposob-lektor-moze-sprawdzic-ile-zostalo-zrealizowanych-a-ile-lekcji-pozostalo-do-konca-kursu","status":"publish","type":"page","link":"https:\/\/help.langlion.com\/pl\/przewodniki-po-systemie\/e-dziennik\/panel-lektora\/e-dziennik-panel-lektora-zakladka-zajecia\/w-jaki-sposob-lektor-moze-sprawdzic-ile-zostalo-zrealizowanych-a-ile-lekcji-pozostalo-do-konca-kursu\/","title":{"rendered":"W jaki spos\u00f3b lektor mo\u017ce sprawdzi\u0107 ile zosta\u0142o zrealizowanych a ile zaj\u0119\u0107 pozosta\u0142o do ko\u0144ca kursu?"},"content":{"rendered":"","protected":false},"excerpt":{"rendered":"","protected":false},"author":1,"featured_media":0,"parent":1374,"menu_order":0,"comment_status":"closed","ping_status":"closed","template":"","meta":{"_acf_changed":false,"footnotes":""},"categories":[11,13],"tags":[],"class_list":["post-3081","page","type-page","status-publish","hentry","category-e-dziennik","category-porady-i-wskazowki"],"acf":[],"_links":{"self":[{"href":"https:\/\/help.langlion.com\/pl\/wp-json\/wp\/v2\/pages\/3081"}],"collection":[{"href":"https:\/\/help.langlion.com\/pl\/wp-json\/wp\/v2\/pages"}],"about":[{"href":"https:\/\/help.langlion.com\/pl\/wp-json\/wp\/v2\/types\/page"}],"author":[{"embeddable":true,"href":"https:\/\/help.langlion.com\/pl\/wp-json\/wp\/v2\/users\/1"}],"replies":[{"embeddable":true,"href":"https:\/\/help.langlion.com\/pl\/wp-json\/wp\/v2\/comments?post=3081"}],"version-history":[{"count":10,"href":"https:\/\/help.langlion.com\/pl\/wp-json\/wp\/v2\/pages\/3081\/revisions"}],"predecessor-version":[{"id":8282,"href":"https:\/\/help.langlion.com\/pl\/wp-json\/wp\/v2\/pages\/3081\/revisions\/8282"}],"up":[{"embeddable":true,"href":"https:\/\/help.langlion.com\/pl\/wp-json\/wp\/v2\/pages\/1374"}],"wp:attachment":[{"href":"https:\/\/help.langlion.com\/pl\/wp-json\/wp\/v2\/media?parent=3081"}],"wp:term":[{"taxonomy":"category","embeddable":true,"href":"https:\/\/help.langlion.com\/pl\/wp-json\/wp\/v2\/categories?post=3081"},{"taxonomy":"post_tag","embeddable":true,"href":"https:\/\/help.langlion.com\/pl\/wp-json\/wp\/v2\/tags?post=3081"}],"curies":[{"name":"wp","href":"https:\/\/api.w.org\/{rel}","templated":true}]}}