{"id":3494,"date":"2016-05-24T13:45:24","date_gmt":"2016-05-24T11:45:24","guid":{"rendered":"http:\/\/help.langlion.com\/pl\/?page_id=3494"},"modified":"2024-03-26T10:48:37","modified_gmt":"2024-03-26T09:48:37","slug":"dlaczego-nie-moge-przypisac-stawki-dla-lektora-zastepujacego-w-edycji-zastepstwa","status":"publish","type":"page","link":"https:\/\/help.langlion.com\/pl\/porady-i-wskazowki\/dlaczego-nie-moge-przypisac-stawki-dla-lektora-zastepujacego-w-edycji-zastepstwa\/","title":{"rendered":"Dlaczego nie mog\u0119 przypisa\u0107 stawki dla lektora zast\u0119puj\u0105cego, w edycji zast\u0119pstwa?"},"content":{"rendered":"","protected":false},"excerpt":{"rendered":"","protected":false},"author":1,"featured_media":0,"parent":11,"menu_order":0,"comment_status":"closed","ping_status":"closed","template":"","meta":{"_acf_changed":false,"footnotes":""},"categories":[13,3],"tags":[124,123],"class_list":["post-3494","page","type-page","status-publish","hentry","category-porady-i-wskazowki","category-sekretariat","tag-stawka-lektora","tag-stawki-lektora"],"acf":[],"_links":{"self":[{"href":"https:\/\/help.langlion.com\/pl\/wp-json\/wp\/v2\/pages\/3494"}],"collection":[{"href":"https:\/\/help.langlion.com\/pl\/wp-json\/wp\/v2\/pages"}],"about":[{"href":"https:\/\/help.langlion.com\/pl\/wp-json\/wp\/v2\/types\/page"}],"author":[{"embeddable":true,"href":"https:\/\/help.langlion.com\/pl\/wp-json\/wp\/v2\/users\/1"}],"replies":[{"embeddable":true,"href":"https:\/\/help.langlion.com\/pl\/wp-json\/wp\/v2\/comments?post=3494"}],"version-history":[{"count":6,"href":"https:\/\/help.langlion.com\/pl\/wp-json\/wp\/v2\/pages\/3494\/revisions"}],"predecessor-version":[{"id":8861,"href":"https:\/\/help.langlion.com\/pl\/wp-json\/wp\/v2\/pages\/3494\/revisions\/8861"}],"up":[{"embeddable":true,"href":"https:\/\/help.langlion.com\/pl\/wp-json\/wp\/v2\/pages\/11"}],"wp:attachment":[{"href":"https:\/\/help.langlion.com\/pl\/wp-json\/wp\/v2\/media?parent=3494"}],"wp:term":[{"taxonomy":"category","embeddable":true,"href":"https:\/\/help.langlion.com\/pl\/wp-json\/wp\/v2\/categories?post=3494"},{"taxonomy":"post_tag","embeddable":true,"href":"https:\/\/help.langlion.com\/pl\/wp-json\/wp\/v2\/tags?post=3494"}],"curies":[{"name":"wp","href":"https:\/\/api.w.org\/{rel}","templated":true}]}}