{"id":4002,"date":"2017-01-02T15:47:56","date_gmt":"2017-01-02T14:47:56","guid":{"rendered":"http:\/\/help.langlion.com\/pl\/?page_id=4002"},"modified":"2025-08-29T10:19:05","modified_gmt":"2025-08-29T08:19:05","slug":"co-w-przypadku-gdy-w-szkole-uczy-sie-rodzenstwo-w-jaki-sposob-umozliwic-rodzicowi-widok-kont-jego-dzieci","status":"publish","type":"page","link":"https:\/\/help.langlion.com\/pl\/nowe-funkcje\/co-w-przypadku-gdy-w-szkole-uczy-sie-rodzenstwo-w-jaki-sposob-umozliwic-rodzicowi-widok-kont-jego-dzieci\/","title":{"rendered":"Co w przypadku, gdy w szkole uczy si\u0119 rodze\u0144stwo? W jaki spos\u00f3b umo\u017cliwi\u0107 rodzicowi widok kont jego dzieci?"},"content":{"rendered":"","protected":false},"excerpt":{"rendered":"","protected":false},"author":1,"featured_media":0,"parent":13,"menu_order":0,"comment_status":"closed","ping_status":"closed","template":"","meta":{"_acf_changed":false,"footnotes":""},"categories":[13,3],"tags":[],"class_list":["post-4002","page","type-page","status-publish","hentry","category-porady-i-wskazowki","category-sekretariat"],"acf":[],"_links":{"self":[{"href":"https:\/\/help.langlion.com\/pl\/wp-json\/wp\/v2\/pages\/4002"}],"collection":[{"href":"https:\/\/help.langlion.com\/pl\/wp-json\/wp\/v2\/pages"}],"about":[{"href":"https:\/\/help.langlion.com\/pl\/wp-json\/wp\/v2\/types\/page"}],"author":[{"embeddable":true,"href":"https:\/\/help.langlion.com\/pl\/wp-json\/wp\/v2\/users\/1"}],"replies":[{"embeddable":true,"href":"https:\/\/help.langlion.com\/pl\/wp-json\/wp\/v2\/comments?post=4002"}],"version-history":[{"count":11,"href":"https:\/\/help.langlion.com\/pl\/wp-json\/wp\/v2\/pages\/4002\/revisions"}],"predecessor-version":[{"id":9615,"href":"https:\/\/help.langlion.com\/pl\/wp-json\/wp\/v2\/pages\/4002\/revisions\/9615"}],"up":[{"embeddable":true,"href":"https:\/\/help.langlion.com\/pl\/wp-json\/wp\/v2\/pages\/13"}],"wp:attachment":[{"href":"https:\/\/help.langlion.com\/pl\/wp-json\/wp\/v2\/media?parent=4002"}],"wp:term":[{"taxonomy":"category","embeddable":true,"href":"https:\/\/help.langlion.com\/pl\/wp-json\/wp\/v2\/categories?post=4002"},{"taxonomy":"post_tag","embeddable":true,"href":"https:\/\/help.langlion.com\/pl\/wp-json\/wp\/v2\/tags?post=4002"}],"curies":[{"name":"wp","href":"https:\/\/api.w.org\/{rel}","templated":true}]}}