{"id":4010,"date":"2016-12-29T11:54:00","date_gmt":"2016-12-29T10:54:00","guid":{"rendered":"http:\/\/help.langlion.com\/pl\/?page_id=4010"},"modified":"2025-08-29T17:20:57","modified_gmt":"2025-08-29T15:20:57","slug":"wysylka-danych-dostepowych-w-wiadomosci-sms","status":"publish","type":"page","link":"https:\/\/help.langlion.com\/pl\/przewodniki-po-systemie\/sekretariat\/sekretariat-kursanci\/wysylka-danych-dostepowych-w-wiadomosci-sms\/","title":{"rendered":"Wysy\u0142ka danych dost\u0119powych w wiadomo\u015bci SMS"},"content":{"rendered":"","protected":false},"excerpt":{"rendered":"","protected":false},"author":1,"featured_media":0,"parent":8520,"menu_order":0,"comment_status":"closed","ping_status":"closed","template":"","meta":{"_acf_changed":false,"footnotes":""},"categories":[13,3],"tags":[],"class_list":["post-4010","page","type-page","status-publish","hentry","category-porady-i-wskazowki","category-sekretariat"],"acf":[],"_links":{"self":[{"href":"https:\/\/help.langlion.com\/pl\/wp-json\/wp\/v2\/pages\/4010"}],"collection":[{"href":"https:\/\/help.langlion.com\/pl\/wp-json\/wp\/v2\/pages"}],"about":[{"href":"https:\/\/help.langlion.com\/pl\/wp-json\/wp\/v2\/types\/page"}],"author":[{"embeddable":true,"href":"https:\/\/help.langlion.com\/pl\/wp-json\/wp\/v2\/users\/1"}],"replies":[{"embeddable":true,"href":"https:\/\/help.langlion.com\/pl\/wp-json\/wp\/v2\/comments?post=4010"}],"version-history":[{"count":13,"href":"https:\/\/help.langlion.com\/pl\/wp-json\/wp\/v2\/pages\/4010\/revisions"}],"predecessor-version":[{"id":9696,"href":"https:\/\/help.langlion.com\/pl\/wp-json\/wp\/v2\/pages\/4010\/revisions\/9696"}],"up":[{"embeddable":true,"href":"https:\/\/help.langlion.com\/pl\/wp-json\/wp\/v2\/pages\/8520"}],"wp:attachment":[{"href":"https:\/\/help.langlion.com\/pl\/wp-json\/wp\/v2\/media?parent=4010"}],"wp:term":[{"taxonomy":"category","embeddable":true,"href":"https:\/\/help.langlion.com\/pl\/wp-json\/wp\/v2\/categories?post=4010"},{"taxonomy":"post_tag","embeddable":true,"href":"https:\/\/help.langlion.com\/pl\/wp-json\/wp\/v2\/tags?post=4010"}],"curies":[{"name":"wp","href":"https:\/\/api.w.org\/{rel}","templated":true}]}}