{"id":4835,"date":"2018-10-22T15:59:46","date_gmt":"2018-10-22T13:59:46","guid":{"rendered":"http:\/\/help.langlion.com\/pl\/?page_id=4835"},"modified":"2024-03-29T11:48:17","modified_gmt":"2024-03-29T10:48:17","slug":"prowadze-grupe-z-innym-lektorem-czy-moge-sprawdzic-jaki-material-przerabial-on-na-swoich-lekcjach","status":"publish","type":"page","link":"https:\/\/help.langlion.com\/pl\/porady-i-wskazowki\/prowadze-grupe-z-innym-lektorem-czy-moge-sprawdzic-jaki-material-przerabial-on-na-swoich-lekcjach\/","title":{"rendered":"Prowadz\u0119 grup\u0119 z innym lektorem, czy mog\u0119 sprawdzi\u0107 jaki material przerabia\u0142 on na swoich zaj\u0119ciach?"},"content":{"rendered":"","protected":false},"excerpt":{"rendered":"","protected":false},"author":1,"featured_media":0,"parent":11,"menu_order":0,"comment_status":"closed","ping_status":"closed","template":"","meta":{"_acf_changed":false,"footnotes":""},"categories":[11,13],"tags":[],"class_list":["post-4835","page","type-page","status-publish","hentry","category-e-dziennik","category-porady-i-wskazowki"],"acf":[],"_links":{"self":[{"href":"https:\/\/help.langlion.com\/pl\/wp-json\/wp\/v2\/pages\/4835"}],"collection":[{"href":"https:\/\/help.langlion.com\/pl\/wp-json\/wp\/v2\/pages"}],"about":[{"href":"https:\/\/help.langlion.com\/pl\/wp-json\/wp\/v2\/types\/page"}],"author":[{"embeddable":true,"href":"https:\/\/help.langlion.com\/pl\/wp-json\/wp\/v2\/users\/1"}],"replies":[{"embeddable":true,"href":"https:\/\/help.langlion.com\/pl\/wp-json\/wp\/v2\/comments?post=4835"}],"version-history":[{"count":8,"href":"https:\/\/help.langlion.com\/pl\/wp-json\/wp\/v2\/pages\/4835\/revisions"}],"predecessor-version":[{"id":8410,"href":"https:\/\/help.langlion.com\/pl\/wp-json\/wp\/v2\/pages\/4835\/revisions\/8410"}],"up":[{"embeddable":true,"href":"https:\/\/help.langlion.com\/pl\/wp-json\/wp\/v2\/pages\/11"}],"wp:attachment":[{"href":"https:\/\/help.langlion.com\/pl\/wp-json\/wp\/v2\/media?parent=4835"}],"wp:term":[{"taxonomy":"category","embeddable":true,"href":"https:\/\/help.langlion.com\/pl\/wp-json\/wp\/v2\/categories?post=4835"},{"taxonomy":"post_tag","embeddable":true,"href":"https:\/\/help.langlion.com\/pl\/wp-json\/wp\/v2\/tags?post=4835"}],"curies":[{"name":"wp","href":"https:\/\/api.w.org\/{rel}","templated":true}]}}