{"id":5491,"date":"2020-06-10T12:32:13","date_gmt":"2020-06-10T10:32:13","guid":{"rendered":"http:\/\/help.langlion.com\/pl\/?page_id=5491"},"modified":"2025-11-25T16:25:23","modified_gmt":"2025-11-25T15:25:23","slug":"jak-wyslac-przypomnienie-o-zblizajacej-sie-platnosci","status":"publish","type":"page","link":"https:\/\/help.langlion.com\/pl\/przewodniki-po-systemie\/finanse\/finanse-dluznicy\/jak-wyslac-przypomnienie-o-zblizajacej-sie-platnosci\/","title":{"rendered":"Przypomnienie dla kursant\u00f3w o zbli\u017caj\u0105cym si\u0119 terminie p\u0142atno\u015bci"},"content":{"rendered":"","protected":false},"excerpt":{"rendered":"","protected":false},"author":1,"featured_media":0,"parent":8743,"menu_order":2,"comment_status":"closed","ping_status":"closed","template":"","meta":{"_acf_changed":false,"footnotes":""},"categories":[6,13],"tags":[43,30,44,45,46],"class_list":["post-5491","page","type-page","status-publish","hentry","category-finanse","category-porady-i-wskazowki","tag-dluznicy","tag-finanse","tag-platnosci","tag-przypomnienia-o-platnosciach","tag-termin-platnosci"],"acf":[],"_links":{"self":[{"href":"https:\/\/help.langlion.com\/pl\/wp-json\/wp\/v2\/pages\/5491"}],"collection":[{"href":"https:\/\/help.langlion.com\/pl\/wp-json\/wp\/v2\/pages"}],"about":[{"href":"https:\/\/help.langlion.com\/pl\/wp-json\/wp\/v2\/types\/page"}],"author":[{"embeddable":true,"href":"https:\/\/help.langlion.com\/pl\/wp-json\/wp\/v2\/users\/1"}],"replies":[{"embeddable":true,"href":"https:\/\/help.langlion.com\/pl\/wp-json\/wp\/v2\/comments?post=5491"}],"version-history":[{"count":19,"href":"https:\/\/help.langlion.com\/pl\/wp-json\/wp\/v2\/pages\/5491\/revisions"}],"predecessor-version":[{"id":10299,"href":"https:\/\/help.langlion.com\/pl\/wp-json\/wp\/v2\/pages\/5491\/revisions\/10299"}],"up":[{"embeddable":true,"href":"https:\/\/help.langlion.com\/pl\/wp-json\/wp\/v2\/pages\/8743"}],"wp:attachment":[{"href":"https:\/\/help.langlion.com\/pl\/wp-json\/wp\/v2\/media?parent=5491"}],"wp:term":[{"taxonomy":"category","embeddable":true,"href":"https:\/\/help.langlion.com\/pl\/wp-json\/wp\/v2\/categories?post=5491"},{"taxonomy":"post_tag","embeddable":true,"href":"https:\/\/help.langlion.com\/pl\/wp-json\/wp\/v2\/tags?post=5491"}],"curies":[{"name":"wp","href":"https:\/\/api.w.org\/{rel}","templated":true}]}}