{"id":5571,"date":"2020-08-10T15:19:48","date_gmt":"2020-08-10T13:19:48","guid":{"rendered":"http:\/\/help.langlion.com\/pl\/?page_id=5571"},"modified":"2024-03-07T16:13:04","modified_gmt":"2024-03-07T15:13:04","slug":"roznice-pomiedzy-kursem-grupa-a-zajeciami","status":"publish","type":"page","link":"https:\/\/help.langlion.com\/pl\/przewodniki-po-systemie\/sekretariat\/sekretariat-grupy\/roznice-pomiedzy-kursem-grupa-a-zajeciami\/","title":{"rendered":"R\u00f3\u017cnice pomi\u0119dzy kursem, grup\u0105 a zaj\u0119ciami"},"content":{"rendered":"","protected":false},"excerpt":{"rendered":"","protected":false},"author":1,"featured_media":0,"parent":8518,"menu_order":0,"comment_status":"closed","ping_status":"closed","template":"","meta":{"_acf_changed":false,"footnotes":""},"categories":[3],"tags":[],"class_list":["post-5571","page","type-page","status-publish","hentry","category-sekretariat"],"acf":[],"_links":{"self":[{"href":"https:\/\/help.langlion.com\/pl\/wp-json\/wp\/v2\/pages\/5571"}],"collection":[{"href":"https:\/\/help.langlion.com\/pl\/wp-json\/wp\/v2\/pages"}],"about":[{"href":"https:\/\/help.langlion.com\/pl\/wp-json\/wp\/v2\/types\/page"}],"author":[{"embeddable":true,"href":"https:\/\/help.langlion.com\/pl\/wp-json\/wp\/v2\/users\/1"}],"replies":[{"embeddable":true,"href":"https:\/\/help.langlion.com\/pl\/wp-json\/wp\/v2\/comments?post=5571"}],"version-history":[{"count":16,"href":"https:\/\/help.langlion.com\/pl\/wp-json\/wp\/v2\/pages\/5571\/revisions"}],"predecessor-version":[{"id":8707,"href":"https:\/\/help.langlion.com\/pl\/wp-json\/wp\/v2\/pages\/5571\/revisions\/8707"}],"up":[{"embeddable":true,"href":"https:\/\/help.langlion.com\/pl\/wp-json\/wp\/v2\/pages\/8518"}],"wp:attachment":[{"href":"https:\/\/help.langlion.com\/pl\/wp-json\/wp\/v2\/media?parent=5571"}],"wp:term":[{"taxonomy":"category","embeddable":true,"href":"https:\/\/help.langlion.com\/pl\/wp-json\/wp\/v2\/categories?post=5571"},{"taxonomy":"post_tag","embeddable":true,"href":"https:\/\/help.langlion.com\/pl\/wp-json\/wp\/v2\/tags?post=5571"}],"curies":[{"name":"wp","href":"https:\/\/api.w.org\/{rel}","templated":true}]}}