{"id":6260,"date":"2021-09-03T17:05:10","date_gmt":"2021-09-03T15:05:10","guid":{"rendered":"https:\/\/help.langlion.com\/pl\/?page_id=6260"},"modified":"2026-02-12T10:40:31","modified_gmt":"2026-02-12T09:40:31","slug":"lekcje-online-dodawanie-stalych-linkow-spotkan","status":"publish","type":"page","link":"https:\/\/help.langlion.com\/pl\/przewodniki-po-systemie\/nauczanie-online\/lekcje-online-dodawanie-stalych-linkow-spotkan\/","title":{"rendered":"Zaj\u0119cia online &#8211; dodawanie sta\u0142ych link\u00f3w spotka\u0144"},"content":{"rendered":"","protected":false},"excerpt":{"rendered":"","protected":false},"author":1,"featured_media":0,"parent":6388,"menu_order":5,"comment_status":"closed","ping_status":"closed","template":"","meta":{"_acf_changed":false,"footnotes":""},"categories":[55],"tags":[],"class_list":["post-6260","page","type-page","status-publish","hentry","category-nauczanie-online"],"acf":[],"_links":{"self":[{"href":"https:\/\/help.langlion.com\/pl\/wp-json\/wp\/v2\/pages\/6260"}],"collection":[{"href":"https:\/\/help.langlion.com\/pl\/wp-json\/wp\/v2\/pages"}],"about":[{"href":"https:\/\/help.langlion.com\/pl\/wp-json\/wp\/v2\/types\/page"}],"author":[{"embeddable":true,"href":"https:\/\/help.langlion.com\/pl\/wp-json\/wp\/v2\/users\/1"}],"replies":[{"embeddable":true,"href":"https:\/\/help.langlion.com\/pl\/wp-json\/wp\/v2\/comments?post=6260"}],"version-history":[{"count":11,"href":"https:\/\/help.langlion.com\/pl\/wp-json\/wp\/v2\/pages\/6260\/revisions"}],"predecessor-version":[{"id":10701,"href":"https:\/\/help.langlion.com\/pl\/wp-json\/wp\/v2\/pages\/6260\/revisions\/10701"}],"up":[{"embeddable":true,"href":"https:\/\/help.langlion.com\/pl\/wp-json\/wp\/v2\/pages\/6388"}],"wp:attachment":[{"href":"https:\/\/help.langlion.com\/pl\/wp-json\/wp\/v2\/media?parent=6260"}],"wp:term":[{"taxonomy":"category","embeddable":true,"href":"https:\/\/help.langlion.com\/pl\/wp-json\/wp\/v2\/categories?post=6260"},{"taxonomy":"post_tag","embeddable":true,"href":"https:\/\/help.langlion.com\/pl\/wp-json\/wp\/v2\/tags?post=6260"}],"curies":[{"name":"wp","href":"https:\/\/api.w.org\/{rel}","templated":true}]}}