{"id":920,"date":"2014-11-19T15:09:25","date_gmt":"2014-11-19T14:09:25","guid":{"rendered":"http:\/\/help.langlion.com\/pl\/?page_id=920"},"modified":"2026-02-13T12:36:06","modified_gmt":"2026-02-13T11:36:06","slug":"generowanie-raportu-kursantow-z-zadluzeniem","status":"publish","type":"page","link":"https:\/\/help.langlion.com\/pl\/przewodniki-po-systemie\/raporty\/generowanie-raportu-kursantow-z-zadluzeniem\/","title":{"rendered":"Raport kursant\u00f3w z zad\u0142u\u017ceniem"},"content":{"rendered":"","protected":false},"excerpt":{"rendered":"","protected":false},"author":1,"featured_media":0,"parent":8497,"menu_order":4,"comment_status":"open","ping_status":"closed","template":"","meta":{"_acf_changed":false,"footnotes":""},"categories":[2,10,3],"tags":[],"class_list":["post-920","page","type-page","status-publish","hentry","category-najpopularniejsze","category-raporty","category-sekretariat"],"acf":[],"_links":{"self":[{"href":"https:\/\/help.langlion.com\/pl\/wp-json\/wp\/v2\/pages\/920"}],"collection":[{"href":"https:\/\/help.langlion.com\/pl\/wp-json\/wp\/v2\/pages"}],"about":[{"href":"https:\/\/help.langlion.com\/pl\/wp-json\/wp\/v2\/types\/page"}],"author":[{"embeddable":true,"href":"https:\/\/help.langlion.com\/pl\/wp-json\/wp\/v2\/users\/1"}],"replies":[{"embeddable":true,"href":"https:\/\/help.langlion.com\/pl\/wp-json\/wp\/v2\/comments?post=920"}],"version-history":[{"count":15,"href":"https:\/\/help.langlion.com\/pl\/wp-json\/wp\/v2\/pages\/920\/revisions"}],"predecessor-version":[{"id":10827,"href":"https:\/\/help.langlion.com\/pl\/wp-json\/wp\/v2\/pages\/920\/revisions\/10827"}],"up":[{"embeddable":true,"href":"https:\/\/help.langlion.com\/pl\/wp-json\/wp\/v2\/pages\/8497"}],"wp:attachment":[{"href":"https:\/\/help.langlion.com\/pl\/wp-json\/wp\/v2\/media?parent=920"}],"wp:term":[{"taxonomy":"category","embeddable":true,"href":"https:\/\/help.langlion.com\/pl\/wp-json\/wp\/v2\/categories?post=920"},{"taxonomy":"post_tag","embeddable":true,"href":"https:\/\/help.langlion.com\/pl\/wp-json\/wp\/v2\/tags?post=920"}],"curies":[{"name":"wp","href":"https:\/\/api.w.org\/{rel}","templated":true}]}}